{"id":6420,"date":"2016-01-03T17:52:35","date_gmt":"2016-01-03T17:52:35","guid":{"rendered":"http:\/\/losalmendreros.com\/?page_id=6420&#038;lang=de"},"modified":"2020-11-09T18:05:29","modified_gmt":"2020-11-09T18:05:29","slug":"buchungsbedingungen","status":"publish","type":"page","link":"https:\/\/losalmendreros.com\/de\/buchungsbedingungen\/","title":{"rendered":"Buchungsbedingungen"},"content":{"rendered":"<div class=\"gdlr-styled-box-body with-head\">\n<p><strong>Buchungsbedingungen:<\/strong><\/p>\n<ul>\n<li><strong>Mindestaufenthalt:<\/strong> 3 N\u00e4chte.<\/li>\n<li>Der Gast verpflichtet sich die Unterkunft nicht vor 17.00 Uhr zu beziehen ( im Falle einer fr\u00fcheren Ankunft oder deutlich sp\u00e4teren Anreise bitten wir den Gast um Mitteilung, da die sp\u00e4teste Anreisezeit bis 24.00 Uhr festgelegt ist). Der Gast verpflichtet sich ebenfalls die Unterkunft bis 12.00 Uhr zu verlassen (wie vertraglich festgelegt).<\/li>\n<li>Nach Eingang der Zahlung wird die Reservierung automatisch auf den Namen der Person vorgenommen, welche die Reservierung vorgenommen hat. F\u00fcr jegliche Mitteilung einer \u00c4nderung der Reservierung, bitten wir um Kontaktaufnahme \u00fcber info@losalmendreros.com<\/li>\n<li><strong>Stornierungen:<\/strong> Bei \u00c4nderung oder Stornierung einer Buchung bis 16 Tage vor Anreisetermin werden keine zus\u00e4tzlichen Kosten berechnet werden. Bei \u00c4nderung oder Stornierung einer Buchung von 7 bis 15 Tagen vor Anreisetermin fallen zus\u00e4tzliche Kosten von 25% des Gesamtpreises der kompletten Buchung an. Bei \u00c4nderung oder Stornierung einer Buchung von 4 bis 6 Tagen vor Anreisetermin fallen zus\u00e4tzliche Kosten von 50% des Gesamtpreises der kompletten Buchung an. Bei \u00c4nderung oder Stornierung einer Buchung von 3 Tagen vor Anreisetermin fallen zus\u00e4tzliche Kosten von 75% des Gesamtpreises der kompletten Buchung an. Bei \u00c4nderung oder Stornierung ausserhalb des Zeitrahmens oder nicht Wahrnehmung der Reservierung wird der komplette Buchungspreis berechnet werden. ( Die Uhrzeiten sind auf die Zeitzone des Hotels abgestimmt , Kanarische Inseln, (WET) )<\/li>\n<\/ul>\n<ul>\n<li><strong>Vorauszahlung:<\/strong> Es werden 30% des gesamten Buchungsbetrags bei Reservierung berechnet.<\/li>\n<li><strong>Steuern und Servicekosten::<\/strong>\u00a06,5% Steuern inklusive.<\/li>\n<\/ul>\n<p>Sollten bei Belegung der Unterkunft Sch\u00e4den festgestellt werden, bitten wir Sie umgehend um Mitteilung bei unserem Personal bzw. Verantwortlichen, ansonsten k\u00f6nnen wir f\u00fcr eventuelle Reklamierungen keine Verantwortung \u00fcbernehmen.<\/p>\n<p>Die h\u00f6chste Belegung an Personen in der Unterkunft entspricht der im Vertrag aufgef\u00fchrten Anzahl.<\/p>\n<p>Vermeiden Sie es ohne Voranmeldung in der Unterkunft zu erscheinen.<\/p>\n<p><img decoding=\"async\" loading=\"lazy\" class=\"size-full wp-image-8573 alignnone\" src=\"https:\/\/losalmendreros.com\/wp-content\/uploads\/2020\/11\/covid-gray1.png\" alt=\"\" width=\"302\" height=\"57\" srcset=\"https:\/\/losalmendreros.com\/wp-content\/uploads\/2020\/11\/covid-gray1.png 302w, https:\/\/losalmendreros.com\/wp-content\/uploads\/2020\/11\/covid-gray1-300x57.png 300w\" sizes=\"(max-width: 302px) 100vw, 302px\" \/><\/p>\n<ul>\n<li>\n<h3><a href=\"https:\/\/losalmendreros.com\/wp-content\/uploads\/2020\/11\/Info-Covid-Alem.pdf\" target=\"_blank\" rel=\"noopener noreferrer\">Deutsch<\/a><\/h3>\n<\/li>\n<li>\n<h3><a href=\"https:\/\/losalmendreros.com\/wp-content\/uploads\/2020\/11\/Info-Covid.Ital_.pdf\" target=\"_blank\" rel=\"noopener noreferrer\">Italiano<\/a><\/h3>\n<\/li>\n<li>\n<h3><a href=\"https:\/\/losalmendreros.com\/wp-content\/uploads\/2020\/11\/Info-Covid.Franc_.pdf\" target=\"_blank\" rel=\"noopener noreferrer\">Fran\u00e7ais<\/a><\/h3>\n<\/li>\n<li>\n<h3><a href=\"https:\/\/losalmendreros.com\/wp-content\/uploads\/2020\/11\/Info-Covid.pdf\" target=\"_blank\" rel=\"noopener noreferrer\">Espa\u00f1ol<\/a><\/h3>\n<\/li>\n<\/ul>\n<\/div>\n","protected":false},"excerpt":{"rendered":"<p>Buchungsbedingungen: Mindestaufenthalt: 3 N\u00e4chte. Der Gast verpflichtet sich die Unterkunft nicht vor 17.00 Uhr zu beziehen ( im Falle einer fr\u00fcheren Ankunft oder deutlich sp\u00e4teren Anreise bitten wir den Gast um Mitteilung, da die sp\u00e4teste Anreisezeit bis 24.00 Uhr festgelegt ist). Der Gast verpflichtet sich ebenfalls die Unterkunft bis 12.00 Uhr zu verlassen (wie vertraglich&#8230; <\/p>\n<div class=\"clear\"><\/div>\n<p><a href=\"https:\/\/losalmendreros.com\/de\/buchungsbedingungen\/\" class=\"excerpt-read-more\">Continue Reading<i class=\"fa fa-long-arrow-right icon-long-arrow-right\"><\/i><\/a><\/p>\n","protected":false},"author":1,"featured_media":0,"parent":0,"menu_order":0,"comment_status":"closed","ping_status":"closed","template":"","meta":[],"_links":{"self":[{"href":"https:\/\/losalmendreros.com\/de\/wp-json\/wp\/v2\/pages\/6420"}],"collection":[{"href":"https:\/\/losalmendreros.com\/de\/wp-json\/wp\/v2\/pages"}],"about":[{"href":"https:\/\/losalmendreros.com\/de\/wp-json\/wp\/v2\/types\/page"}],"author":[{"embeddable":true,"href":"https:\/\/losalmendreros.com\/de\/wp-json\/wp\/v2\/users\/1"}],"replies":[{"embeddable":true,"href":"https:\/\/losalmendreros.com\/de\/wp-json\/wp\/v2\/comments?post=6420"}],"version-history":[{"count":5,"href":"https:\/\/losalmendreros.com\/de\/wp-json\/wp\/v2\/pages\/6420\/revisions"}],"predecessor-version":[{"id":8598,"href":"https:\/\/losalmendreros.com\/de\/wp-json\/wp\/v2\/pages\/6420\/revisions\/8598"}],"wp:attachment":[{"href":"https:\/\/losalmendreros.com\/de\/wp-json\/wp\/v2\/media?parent=6420"}],"curies":[{"name":"wp","href":"https:\/\/api.w.org\/{rel}","templated":true}]}}