{"id":5012,"date":"2015-12-20T13:47:45","date_gmt":"2015-12-20T13:47:45","guid":{"rendered":"http:\/\/losalmendreros.com\/reserva\/el-moral-3\/"},"modified":"2022-04-26T10:04:15","modified_gmt":"2022-04-26T10:04:15","slug":"el-moral-ale","status":"publish","type":"product","link":"https:\/\/losalmendreros.com\/de\/reserve\/el-moral-ale\/","title":{"rendered":"El Moral"},"content":{"rendered":"<div class=\"clear\"><\/div><div class=\"gdlr-space\" style=\"margin-top: 35px;\"><\/div>\n<div class=\"gdlr-shortcode-wrapper gdlr-row-shortcode\">\r\n<p style=\"text-align: justify;\"><strong>H\u00f6he:<\/strong> 450 m.<\/p>\r\n<p style=\"text-align: justify;\"><strong>Entfernungen:<\/strong>\r\nZum n\u00e4chsten Supermarkt 0.2 km\r\nN\u00e4chstliegende Badem\u00f6glichkeit 5 km\r\nBis zu Hoya de Morcillo 17 km\r\nN\u00e4chstliegendes Restaurant 0.2 km\r\nN\u00e4chstliegendes Arztzentrum 4 km<\/p>\r\n<p style=\"text-align: justify;\"><strong>Ausstattung:<\/strong>\r\nHaushaltsgegenst\u00e4nde, Bettw\u00e4sche, Handt\u00fccher, Waschmaschine, Heizofen, Flachbild-TV, Wlan (gratis), Internetanschluss, Mikrowelle, Meranfeld, Wasserkocher, B\u00fcgeleisen, F\u00f6hn, etc.<\/p>\r\n<p style=\"text-align: justify;\"><strong>Zimmeraufteilung:<\/strong>\r\n1 Schlafzimmer mit 2 Betten, Bad mit Badewanne, offene K\u00fcche mit Ess- und Wohnzimmer, Terrasse mit Barbecue<\/p>\r\n<p style=\"text-align: justify;\"><strong>Kapazit\u00e4t: <\/strong>2 Personen - wahlweise 3 Personen (+ 10 \u20ac pro Tag).)<\/p>\r\n<p style=\"text-align: justify;\"><strong>Keine Haustiere erlaubt! <span id=\"result_box\" class=\"short_text\" lang=\"es\"><span class=\"hps alt-edited\">Parkplatz gratis.<\/span><\/span>\r\n<\/strong><\/p>\r\n<p style=\"text-align: justify;\"><strong>Kontaktdaten: <\/strong>tel. 0034 669 060 171, <a href=\"mailto:info@losalmendreros.com\" target=\"_blank\" rel=\"noopener noreferrer\">info@losalmendreros.com<\/a><\/p>\r\n<div class=\"clear\"><\/div><\/div>\n<div class=\"clear\"><\/div><div class=\"gdlr-space\" style=\"margin-top: 35px;\"><\/div>\n<div class=\"gdlr-shortcode-wrapper\"><div class=\"gdlr-styled-box-item-ux gdlr-ux\" ><div class=\"gdlr-item gdlr-styled-box-item\" ><div class=\"gdlr-styled-box-head-wrapper\" ><div class=\"gdlr-styled-box-corner\" style=\"border-bottom-color:#67696B;\" ><\/div><div class=\"gdlr-styled-box-head\" style=\"background-color:#32373C;\" ><\/div><\/div><div class=\"gdlr-styled-box-body with-head\" style=\"background-color:#32373C; color: #ffffff; \" ><p><strong>Buchungsbedingungen:<\/strong><\/p>\n<ul>\n<li><strong>Mindestaufenthalt:<\/strong> 3 N\u00e4chte.<\/li>\n<li>Der Gast verpflichtet sich die Unterkunft nicht vor 17.00 Uhr zu beziehen ( im Falle einer fr\u00fcheren Ankunft oder deutlich sp\u00e4teren Anreise bitten wir den Gast um Mitteilung, da die sp\u00e4teste Anreisezeit bis 24.00 Uhr festgelegt ist). Der Gast verpflichtet sich ebenfalls die Unterkunft bis 12.00 Uhr zu verlassen (wie vertraglich festgelegt).<\/li>\n<li>Nach Eingang der Zahlung wird die Reservierung automatisch auf den Namen der Person vorgenommen, welche die Reservierung vorgenommen hat. F\u00fcr jegliche Mitteilung einer \u00c4nderung der Reservierung, bitten wir um Kontaktaufnahme \u00fcber info@losalmendreros.com<\/li>\n<li><strong>Stornierungen:<\/strong> Bei \u00c4nderung oder Stornierung einer Buchung bis 16 Tage vor Anreisetermin werden keine zus\u00e4tzlichen Kosten berechnet werden. Bei \u00c4nderung oder Stornierung einer Buchung von 7 bis 15 Tagen vor Anreisetermin fallen zus\u00e4tzliche Kosten von 30% des Gesamtpreises der kompletten Buchung an. Bei \u00c4nderung oder Stornierung einer Buchung von 4 bis 6 Tagen vor Anreisetermin fallen zus\u00e4tzliche Kosten von 50% des Gesamtpreises der kompletten Buchung an. Bei \u00c4nderung oder Stornierung einer Buchung von 3 Tagen vor Anreisetermin fallen zus\u00e4tzliche Kosten von 75% des Gesamtpreises der kompletten Buchung an. Bei \u00c4nderung oder Stornierung ausserhalb des Zeitrahmens oder nicht Wahrnehmung der Reservierung wird der komplette Buchungspreis berechnet werden. ( Die Uhrzeiten sind auf die Zeitzone des Hotels abgestimmt , Kanarische Inseln, (WET) )<\/li>\n<\/ul>\n<ul>\n<li><strong>Vorauszahlung:<\/strong> Es werden 30% des gesamten Buchungsbetrags bei Reservierung berechnet.<\/li>\n<li><strong>Steuern und Servicekosten:: 7%<\/strong>\u00a0Steuern inklusive.<\/li>\n<\/ul>\n<p>Sollten bei Belegung der Unterkunft Sch\u00e4den festgestellt werden, bitten wir Sie umgehend um Mitteilung bei unserem Personal bzw. Verantwortlichen, ansonsten k\u00f6nnen wir f\u00fcr eventuelle Reklamierungen keine Verantwortung \u00fcbernehmen.<\/p>\n<p>Die h\u00f6chste Belegung an Personen in der Unterkunft entspricht der im Vertrag aufgef\u00fchrten Anzahl.<\/p>\n<p>Vermeiden Sie es ohne Voranmeldung in der Unterkunft zu erscheinen.<\/p>\n<\/div><\/div><\/div><\/div>\n","protected":false},"excerpt":{"rendered":"<p style=\"text-align: justify;\">El Moral<\/p>\n<p>geh\u00f6rt zu einem l\u00e4ndlichen Komplex, der sich aus drei H\u00e4usern zusammensetzt: El Almendro, El Ciruelo, El Moral.<br \/>\nDas Haus liegt 450 m \u00fcber dem Meeresspiegel, bei einem angenehmen Klima w\u00e4hrend des ganzen Jahres in einem v\u00f6llig l\u00e4ndlichen Umfeld, wo man die Stille der Natur und den privilegierten Ausblick \u00fcber die Klippen und das Meer mit seinem weiten Horizont, mit Blick auf die Insel La Palma geniessen kann.<br \/>\nDas freistehende Haus wurde erst k\u00fcrzlich restauriert und eingeweiht und verf\u00fcgt \u00fcber ein Schlafzimmer mit zwei Betten, einem komplettem Bad (mit Vergr\u00f6sserungsspiegel), offener K\u00fcche mit Ess- und Wohnzimmer, Flachbild-TV, Wlan (gratis) und vielen anderen Details die den Aufenthalt komfortabel machen.<br \/>\nDas Haus hat seinen charakteristischen traditionellen \u201cherre\u00f1o\u201d-Stil beibehalten: Im Aussenbereich werden Stein und Holz kombiniert, das durch die dicken W\u00e4nde und grosse Fenster hervorgehoben wird. Im Innenbereich findet man die traditionellen Holzdecken mit seinen Giebeln, doppelte T\u00fcren und Fenster, innen Glas und aussen Holz, was erm\u00f6glicht die F\u00fclle des Lichts zu geniessen oder aber auch komplett abzudunkeln.<\/p>\n<hr \/>\n<p>&nbsp;<\/p>\n<p><span style=\"color: #ff6600;\">Der grundlegende Mindestaufenthalt 3 N\u00e4chte. Verf\u00fcgbarkeit pr\u00fcfen, Mindestaufenthalt und die Preise in der beigef\u00fcgten Zeitplan.<\/span><\/p>\n","protected":false},"featured_media":8414,"comment_status":"closed","ping_status":"closed","template":"","meta":[],"_links":{"self":[{"href":"https:\/\/losalmendreros.com\/de\/wp-json\/wp\/v2\/product\/5012"}],"collection":[{"href":"https:\/\/losalmendreros.com\/de\/wp-json\/wp\/v2\/product"}],"about":[{"href":"https:\/\/losalmendreros.com\/de\/wp-json\/wp\/v2\/types\/product"}],"replies":[{"embeddable":true,"href":"https:\/\/losalmendreros.com\/de\/wp-json\/wp\/v2\/comments?post=5012"}],"wp:featuredmedia":[{"embeddable":true,"href":"https:\/\/losalmendreros.com\/de\/wp-json\/wp\/v2\/media\/8414"}],"wp:attachment":[{"href":"https:\/\/losalmendreros.com\/de\/wp-json\/wp\/v2\/media?parent=5012"}],"curies":[{"name":"wp","href":"https:\/\/api.w.org\/{rel}","templated":true}]}}