{"id":7004,"date":"2016-06-09T18:43:00","date_gmt":"2016-06-09T18:43:01","guid":{"rendered":""},"modified":"2022-04-26T10:03:14","modified_gmt":"2022-04-26T10:03:14","slug":"el-almendro","status":"publish","type":"product","link":"https:\/\/losalmendreros.com\/de\/reserve\/el-almendro\/","title":{"rendered":"El Almendro"},"content":{"rendered":"<div class=\"clear\"><\/div><div class=\"gdlr-space\" style=\"margin-top: 35px;\"><\/div>\n<div class=\"gdlr-shortcode-wrapper gdlr-row-shortcode\">\r\n<p style=\"text-align: justify;\"><strong>H\u00f6he:<\/strong> 450 m.<\/p>\r\n<p style=\"text-align: justify;\"><strong>Entfernungen:<\/strong>\r\nZum n\u00e4chsten Supermarkt 0.2 km\r\nN\u00e4chstliegende Badem\u00f6glichkeit 5 km\r\nBis zu Hoya de Morcillo 17 km\r\nN\u00e4chstliegendes Restaurant 0.2 km\r\nN\u00e4chstliegendes Arztzentrum 4 km<\/p>\r\n<p style=\"text-align: justify;\"><strong>Ausstattung:<\/strong>\r\nHaushaltsgegenst\u00e4nde, Bettw\u00e4sche, Handt\u00fccher, Waschmaschine, Heizofen, Flachbild-TV, Wlan (gratis), Internetanschluss, Mikrowelle, Meranfeld, Wasserkocher, B\u00fcgeleisen, F\u00f6hn, etc.<\/p>\r\n<p style=\"text-align: justify;\"><strong>Zimmeraufteilung:<\/strong>\r\n2 Schlafzimmer mit 2 Betten, Bad mit Badewanne, offene K\u00fcche mit Ess- und Wohnzimmer, Terrasse mit Barbecue<\/p>\r\n<p style=\"text-align: justify;\"><strong>Kapazit\u00e4t: <\/strong>4 Personen - wahlweise 5 Personen (+ 10 \u20ac pro Tag)<\/p>\r\n<p style=\"text-align: justify;\"><strong>Keine Haustiere erlaubt! <span id=\"result_box\" class=\"short_text\" lang=\"es\"><span class=\"hps alt-edited\">Parkplatz gratis.<\/span><\/span>\r\n<\/strong><\/p>\r\n<p style=\"text-align: justify;\"><strong>Kontaktdaten: <\/strong>tel. 0034 669 060 171, <a href=\"mailto:info@losalmendreros.com\" target=\"_blank\" rel=\"noopener noreferrer\">info@losalmendreros.com<\/a>\r\n<div class=\"clear\"><\/div><\/div>\n<\/p>\n<div class=\"clear\"><\/div><div class=\"gdlr-space\" style=\"margin-top: 35px;\"><\/div>\n<div class=\"gdlr-shortcode-wrapper\"><div class=\"gdlr-styled-box-item-ux gdlr-ux\" ><div class=\"gdlr-item gdlr-styled-box-item\" ><div class=\"gdlr-styled-box-head-wrapper\" ><div class=\"gdlr-styled-box-corner\" style=\"border-bottom-color:#67696B;\" ><\/div><div class=\"gdlr-styled-box-head\" style=\"background-color:#32373C;\" ><\/div><\/div><div class=\"gdlr-styled-box-body with-head\" style=\"background-color:#32373C; color: #ffffff; \" ><p>&nbsp;<\/p>\n<p><strong>Buchungsbedingungen:<\/strong><\/p>\n<ul>\n<li><strong>Mindestaufenthalt:<\/strong> 3 N\u00e4chte.<\/li>\n<li>Der Gast verpflichtet sich die Unterkunft nicht vor 17.00 Uhr zu beziehen ( im Falle einer fr\u00fcheren Ankunft oder deutlich sp\u00e4teren Anreise bitten wir den Gast um Mitteilung, da die sp\u00e4teste Anreisezeit bis 24.00 Uhr festgelegt ist). Der Gast verpflichtet sich ebenfalls die Unterkunft bis 12.00 Uhr zu verlassen (wie vertraglich festgelegt).<\/li>\n<li>Nach Eingang der Zahlung wird die Reservierung automatisch auf den Namen der Person vorgenommen, welche die Reservierung vorgenommen hat. F\u00fcr jegliche Mitteilung einer \u00c4nderung der Reservierung, bitten wir um Kontaktaufnahme \u00fcber info@losalmendreros.com<\/li>\n<li><strong>Stornierungen:<\/strong> Bei \u00c4nderung oder Stornierung einer Buchung bis 16 Tage vor Anreisetermin werden keine zus\u00e4tzlichen Kosten berechnet werden. Bei \u00c4nderung oder Stornierung einer Buchung von 7 bis 15 Tagen vor Anreisetermin fallen zus\u00e4tzliche Kosten von 30% des Gesamtpreises der kompletten Buchung an. Bei \u00c4nderung oder Stornierung einer Buchung von 4 bis 6 Tagen vor Anreisetermin fallen zus\u00e4tzliche Kosten von 50% des Gesamtpreises der kompletten Buchung an. Bei \u00c4nderung oder Stornierung einer Buchung von 3 Tagen vor Anreisetermin fallen zus\u00e4tzliche Kosten von 75% des Gesamtpreises der kompletten Buchung an. Bei \u00c4nderung oder Stornierung ausserhalb des Zeitrahmens oder nicht Wahrnehmung der Reservierung wird der komplette Buchungspreis berechnet werden. ( Die Uhrzeiten sind auf die Zeitzone des Hotels abgestimmt , Kanarische Inseln, (WET)<\/li>\n<\/ul>\n<ul>\n<li><strong>Vorauszahlung:<\/strong> Es werden 30% des gesamten Buchungsbetrags bei Reservierung berechnet.<\/li>\n<li><strong>Steuern und Servicekosten:<\/strong>\u00a07% Steuern inklusive<\/li>\n<\/ul>\n<p>Sollten bei Belegung der Unterkunft Sch\u00e4den festgestellt werden, bitten wir Sie umgehend um Mitteilung bei unserem Personal bzw. Verantwortlichen, ansonsten k\u00f6nnen wir f\u00fcr eventuelle Reklamierungen keine Verantwortung \u00fcbernehmen.<\/p>\n<p>Die h\u00f6chste Belegung an Personen in der Unterkunft entspricht der im Vertrag aufgef\u00fchrten Anzahl.<\/p>\n<p>Vermeiden Sie es ohne Voranmeldung in der Unterkunft zu erscheinen.<\/p>\n<\/div><\/div><\/div><\/div>\n","protected":false},"excerpt":{"rendered":"<p>El Almendro hat zwei Schlafzimmer, eines mit zwei Einzelbetten von 90 ctms.jeder\u00a0 und eines mit Doppel kingzise 180 ctms. Ehe,\u00a0Beide sind entsprechend ausgestattet: Bad mit\u00a0 Duschwanne, offene K\u00fcche mit Ess- und Wohnzimmer, sehr hell mit Terrasse. Alle H\u00e4user sind mit neuen Technologien ausgestattet, sowie Flachbildschirm, Wlan (gratis), Internetanschluss, etc. Zus\u00e4tzlichen Komfort bieten Parkpl\u00e4tze sowie Barbecue, wunderbare Aussichten.<\/p>\n<p style=\"text-align: justify;\"><span style=\"color: #ff6600;\">Der grundlegende Mindestaufenthalt 3 N\u00e4chte. Verf\u00fcgbarkeit pr\u00fcfen, Mindestaufenthalt und die Preise in der beigef\u00fcgten Zeitplan.<\/span><\/p>\n","protected":false},"featured_media":8367,"comment_status":"closed","ping_status":"closed","template":"","meta":[],"_links":{"self":[{"href":"https:\/\/losalmendreros.com\/de\/wp-json\/wp\/v2\/product\/7004"}],"collection":[{"href":"https:\/\/losalmendreros.com\/de\/wp-json\/wp\/v2\/product"}],"about":[{"href":"https:\/\/losalmendreros.com\/de\/wp-json\/wp\/v2\/types\/product"}],"replies":[{"embeddable":true,"href":"https:\/\/losalmendreros.com\/de\/wp-json\/wp\/v2\/comments?post=7004"}],"wp:featuredmedia":[{"embeddable":true,"href":"https:\/\/losalmendreros.com\/de\/wp-json\/wp\/v2\/media\/8367"}],"wp:attachment":[{"href":"https:\/\/losalmendreros.com\/de\/wp-json\/wp\/v2\/media?parent=7004"}],"curies":[{"name":"wp","href":"https:\/\/api.w.org\/{rel}","templated":true}]}}