{"id":5136,"date":"2015-12-20T13:47:45","date_gmt":"2015-12-20T13:47:45","guid":{"rendered":"http:\/\/losalmendreros.com\/reserva\/el-moral\/?lang=fr"},"modified":"2022-04-26T10:04:43","modified_gmt":"2022-04-26T10:04:43","slug":"el-moral-in","status":"publish","type":"product","link":"https:\/\/losalmendreros.com\/en\/reservation\/el-moral-in\/","title":{"rendered":"El Moral"},"content":{"rendered":"<div class=\"clear\"><\/div><div class=\"gdlr-space\" style=\"margin-top: 35px;\"><\/div>\n<p style=\"text-align: justify;\">\n<div class=\"gdlr-shortcode-wrapper gdlr-row-shortcode\"><\/p>\r\n<p style=\"text-align: justify;\"><strong>Altitude:<\/strong> 450 m.o<\/p>\r\n<p style=\"text-align: justify;\"><strong>Distances:<\/strong>\r\nDistance to the closest supermarket: 0.2 km\r\nDistance to the beach: 5 km\r\nDistance to Hoya del Morcillo: 17 km\r\nDistance to a restaurant: 0.2 km\r\nDistance to a health center: 4 km<\/p>\r\n<p style=\"text-align: justify;\"><strong>Facilities:<\/strong>\r\n<span id=\"result_box\" class=\"\" lang=\"en\"><span class=\"hps\">Household items<\/span> <span class=\"hps\">and complete<\/span> bed <span class=\"hps\">linen,<\/span> <span class=\"hps\">washing machine, stove<\/span>, flat screen TV, <span class=\"hps\">Wi<\/span><span class=\"atn\">-<\/span>Fi, <span class=\"hps\">internet access,<\/span> <span class=\"hps\">microwave,<\/span> <span class=\"hps\">kettle<\/span>, iron, hair dryer <span class=\"hps\">etc.<\/span><\/span><\/p>\r\n<p style=\"text-align: justify;\"><strong>Distribution:<\/strong>\r\n1 bedroom with two beds (90 cent\u00edmeters each), a\u00a0 bathroom with shower, livingroom-kitchen, terrace with barbecue<\/p>\r\n<p style=\"text-align: justify;\"><strong>Capacity: <\/strong>2 guests - additional 3 guest optional (+ 10 EUR\/<span class=\"gdlr-reservation-field-title\">night<\/span>)<\/p>\r\n<p style=\"text-align: justify;\"><strong>No pets allowed! <span id=\"result_box\" class=\"short_text\" lang=\"es\"><span class=\"hps alt-edited\">Free parking.<\/span><\/span>\r\n<\/strong><\/p>\r\n<p style=\"text-align: justify;\"><strong>Contact us: <\/strong>tel. 0034 669 060 171, <a href=\"mailto:info@losalmendreros.com\" target=\"_blank\" rel=\"noopener noreferrer\">info@losalmendreros.com<\/a>\r\n<div class=\"clear\"><\/div><\/div>\n<\/p>\n<div class=\"clear\"><\/div><div class=\"gdlr-space\" style=\"margin-top: 35px;\"><\/div>\n<div class=\"gdlr-shortcode-wrapper\"><div class=\"gdlr-styled-box-item-ux gdlr-ux\" ><div class=\"gdlr-item gdlr-styled-box-item\" ><div class=\"gdlr-styled-box-head-wrapper\" ><div class=\"gdlr-styled-box-corner\" style=\"border-bottom-color:#67696B;\" ><\/div><div class=\"gdlr-styled-box-head\" style=\"background-color:#32373C;\" ><\/div><\/div><div class=\"gdlr-styled-box-body with-head\" style=\"background-color:#32373C; color: #ffffff; \" ><p style=\"text-align: center;\"><strong>BOOKING CONDITIONS:<\/strong><\/p>\n<ul>\n<li><strong>Minimum stay:<\/strong> 3 nights.<\/li>\n<li><span id=\"result_box\" class=\"\" lang=\"en\"><span class=\"hps\">C<\/span><span class=\"hps\">ustomer can check in <\/span><span class=\"hps\">the accommodation<\/span> <span class=\"hps\">from<\/span> <span class=\"hps\">17:00<\/span> <span class=\"hps\">h.<\/span> <span class=\"hps\">(we recommend<\/span> <span class=\"hps\">that if<\/span> <span class=\"hps\">for any reason<\/span> <span class=\"hps\">the arrival<\/span> <span class=\"hps\">is earlier<\/span> <span class=\"hps\">or<\/span> <span class=\"hps\">much later than<\/span> <span class=\"hps\">17:00<\/span> <span class=\"hps\">h.<\/span>, <span class=\"hps\">communicate it with us<\/span>, <span class=\"hps\">since the latest<\/span> <span class=\"hps\">arrival time<\/span> <span class=\"hps\">is<\/span> <span class=\"hps\">24:00 h.<\/span>). <span class=\"hps\">In addition, the<\/span> <span class=\"hps\">customer agrees to<\/span> <span class=\"hps\">check out the<\/span> <span class=\"hps\">accommodation<\/span> <span class=\"hps\">at 12:00 h.<\/span> <span class=\"hps\">on departure day<\/span> <span class=\"hps\">specified in the agreement<\/span><span class=\"\">.<\/span><\/span><\/li>\n<li><span id=\"result_box\" class=\"\" lang=\"en\"><span class=\"hps\">Once<\/span> <span class=\"hps\">the automatic payment<\/span> is made <span class=\"hps\">the reservation will be<\/span> <span class=\"hps\">booked <\/span><span class=\"hps\">in the name of<\/span> <span class=\"hps\">the<\/span> <span class=\"hps\">person who has been<\/span> <span class=\"hps\">indicated<\/span> <span class=\"hps\">in<\/span> <span class=\"hps\">the reservation form<\/span>. For a<span class=\"hps\">ny<\/span> <span class=\"hps\">changes or modifications<\/span> <span class=\"hps\">in the booking<\/span><span class=\"\">, please <\/span><span class=\"hps\">contact<\/span> <strong><span class=\"hps\">info@losalmendreros.com<\/span><\/strong><\/span><\/li>\n<li><span id=\"result_box\" class=\"\" lang=\"en\"><span class=\"hps\"><strong>Cancellations<\/strong>:<\/span> <span class=\"hps\">If <\/span><\/span><span id=\"result_box\" class=\"\" lang=\"en\"><span class=\"hps\">the reservation is <\/span><\/span><span id=\"result_box\" class=\"\" lang=\"en\"><span class=\"hps\">canceled<\/span> <span class=\"hps\">or modified<\/span> <span class=\"hps\">until<\/span> <span class=\"hps\">16 days before<\/span> <span class=\"hps\">the date of<\/span> <span class=\"hps\">arrival,<\/span> <span class=\"hps\">no<\/span> <span class=\"hps\">fee will be charged<\/span>. <span class=\"hps\">If canceled<\/span> <span class=\"hps\">or modified<\/span> <span class=\"hps\">between <strong>15 and 7<\/strong><\/span> <span class=\"hps\"><strong>days<\/strong> before<\/span> <span class=\"hps\">arrival<\/span>, <span class=\"hps\">will be charged<\/span>\u00a030% <span class=\"hps\">of the entire stay<\/span>. <span class=\"hps\">If canceled<\/span> <span class=\"hps\">or modified<\/span> <span class=\"hps\">between <strong>6 and<\/strong><\/span> <span class=\"hps\"><strong>4 days<\/strong> before<\/span> <span class=\"hps\">arrival<\/span>, <span class=\"hps\">will be charged<\/span> <span class=\"hps\">50<\/span>% <span class=\"hps\">of the entire stay<\/span>. <span class=\"hps\">If canceled or<\/span> <span class=\"hps\">modified <strong>up to<\/strong><\/span> <span class=\"hps\"><strong>3 days<\/strong> before<\/span> <span class=\"hps\">arrival<\/span><span class=\"\">,<\/span> <span class=\"hps\">will be charged<\/span> <span class=\"hps\">75<\/span>% <span class=\"hps\">of the entire stay<\/span>. <span class=\"hps\">If canceled<\/span> <span class=\"hps\">or modified<\/span> <span class=\"hps\">later or<\/span> <span class=\"hps\">no-show,<\/span> <span class=\"hps\">will be charged<\/span> <span class=\"hps\">the full stay<\/span>. <span class=\"hps atn\">(<\/span><strong><span class=\"\">Times shown<\/span> <span class=\"hps\">correspond<\/span> <span class=\"hps\">to the time zone<\/span> <span class=\"hps\">of the<\/span> <span class=\"hps\">hotel<\/span> <span class=\"hps atn\">(<\/span>WET)<\/strong><span class=\"\">)<\/span><\/span><\/li>\n<li><strong><span id=\"result_box\" class=\"short_text\" lang=\"en\"><span class=\"hps\">Payment in advance<\/span><\/span>:<\/strong> \u00a0The hotel will charge 30% of the total amount at the time of booking.<\/li>\n<li><strong><span id=\"result_box\" class=\"short_text\" lang=\"en\"><span class=\"hps\">Taxes<\/span> <span class=\"hps\">and service charges<\/span><\/span>:<\/strong>\u00a07%\u00a0<span id=\"result_box\" class=\"\" lang=\"en\">\u00a0<span class=\"hps\">tax<\/span> <span class=\"hps\">included.<\/span> <span class=\"hps\">City tax<\/span> <span class=\"hps\">not applicable<\/span> <span class=\"hps\">service<\/span> <span class=\"hps\">charge is not applicable<\/span><\/span>.<\/li>\n<\/ul>\n<p>If you notice any damage upon arrival to accommodation, go immediately to the contact person or accommodation manager, failure to do so will not make us be liable for any claims.<\/p>\n<p><span id=\"result_box\" class=\"\" lang=\"en\"><span class=\"hps\">The maximum<\/span> <span class=\"hps\">capacity of the<\/span> <span class=\"hps\">accommodation<\/span> <span class=\"hps\">will be<\/span> <span class=\"hps\">appear<\/span> <span class=\"hps\">reflected in<\/span> <span class=\"hps\">the contract<\/span><\/span>.<\/p>\n<p><span id=\"result_box\" class=\"short_text\" lang=\"en\"><span class=\"hps\">Avoid<\/span> <span class=\"hps\">surprise<\/span> <span class=\"hps\">arrival <\/span><span class=\"hps\">the<\/span> <span class=\"hps\">accommodation<\/span><\/span>.<\/p>\n<\/div><\/div><\/div><\/div>\n","protected":false},"excerpt":{"rendered":"<p><span id=\"result_box\" class=\"\" lang=\"en\"><span title=\"El Moral pertenece a un complejo rural compuesto por tres casas El Almendro, El Ciruelo y El Moral. \">El Moral belongs to a rural complex consisting of three houses El Almendro, El Ciruelo and El Moral.<br \/>\n<\/span><span title=\"La casa est\u00e1 a 450 m sobre el nivel del mar, un clima agradable durante todo el a\u00f1o, en un entorno totalmente rural donde se puede disfrutar del silencio de la naturaleza con una vista privilegiada sobre la ladera, el mar y un horizonte evocador, donde\">The house is 450 m above sea level, a pleasant climate all year round, in a totally rural environment where you can enjoy the silence of nature with a privileged view over the hillside, sea and evocative horizon where <\/span><span title=\"se puede ver la isla de La Palma. \">you can see the island of La Palma.<br \/>\n<\/span><span title=\"La casa, totalmente independiente y recientemente rehabilitada e inaugurada, posee un dormitorio con dos camas, cuarto de ba\u00f1o completo con espejo de aumento, salon-cocina-comedor, TV pantalla plana, Wi-Fi gratuita y muchas otras cosas que haran c\u00f3moda su estancia\">The house, completely independent, recently renovated and opened, has a twin bedroom 90 centimeters each, bathroom with shower plate. mirror, salon-kitchen, flat screen TV, Wi-Fi and many other facilities that will make your stay comfortable<\/span><span title=\".\">. T<\/span><span title=\"Guarda el estilo caracter\u00edstico y tradicional herre\u00f1o: en su exterior se combinan la piedra y la madera destacando por sus gruesas paredes y grandes ventanales;\">he characteristic and traditional style of El Hierro has been preserved: stone on the outside and wood combine noted for its thick walls and large windows; <\/span><span title=\"y en su interior por sus techos de madera a dos aguas, dobles puertas y dobles ventanas, de cristal interiormente y de madera en el exterior, ofreciendo la doble opci\u00f3n de disfrutar de la luminosidad del entorno o de la m\u00e1s absoluta oscuridad, seg\u00fan se desee\">and inside by wooden ceilings gable, double doors and double glazed windows, glass inside and wood outside, offering the double option of enjoying the surrounding brightness or total darkness, as desired<\/span><span title=\".\">.<\/span><\/span><\/p>\n<hr \/>\n<p style=\"text-align: center;\">\u00a0<span style=\"color: #ff6600;\">The minimum basic stay is 3 nights. Check availability, minimum stay and prices in the attached calendar.<\/span><\/p>\n","protected":false},"featured_media":8413,"comment_status":"closed","ping_status":"closed","template":"","meta":[],"_links":{"self":[{"href":"https:\/\/losalmendreros.com\/en\/wp-json\/wp\/v2\/product\/5136"}],"collection":[{"href":"https:\/\/losalmendreros.com\/en\/wp-json\/wp\/v2\/product"}],"about":[{"href":"https:\/\/losalmendreros.com\/en\/wp-json\/wp\/v2\/types\/product"}],"replies":[{"embeddable":true,"href":"https:\/\/losalmendreros.com\/en\/wp-json\/wp\/v2\/comments?post=5136"}],"wp:featuredmedia":[{"embeddable":true,"href":"https:\/\/losalmendreros.com\/en\/wp-json\/wp\/v2\/media\/8413"}],"wp:attachment":[{"href":"https:\/\/losalmendreros.com\/en\/wp-json\/wp\/v2\/media?parent=5136"}],"curies":[{"name":"wp","href":"https:\/\/api.w.org\/{rel}","templated":true}]}}