{"id":5117,"date":"2015-12-15T17:03:42","date_gmt":"2015-12-15T17:03:42","guid":{"rendered":"http:\/\/losalmendreros.com\/reserva\/el-ciruelo-2\/"},"modified":"2022-04-26T10:07:21","modified_gmt":"2022-04-26T10:07:21","slug":"el-ciruelo-fra","status":"publish","type":"product","link":"https:\/\/losalmendreros.com\/fr\/reservation\/el-ciruelo-fra\/","title":{"rendered":"El Ciruelo"},"content":{"rendered":"<div class=\"clear\"><\/div><div class=\"gdlr-space\" style=\"margin-top: 35px;\"><\/div>\n<div class=\"gdlr-shortcode-wrapper gdlr-row-shortcode\">\r\n<p style=\"text-align: justify;\"><strong>Altitude:<\/strong> 450 m.<\/p>\r\n<p style=\"text-align: justify;\"><strong>Distances: <\/strong>Supermarch\u00e9 le plus proche : 0,2 km\r\nZone de baignade la plus proche : 5 km\r\nHoya del Morcillo : 17 km\r\nRestaurant : 0,2 km\r\nCentre m\u00e9dical : 4 km<\/p>\r\n<p style=\"text-align: justify;\"><strong>\u00c9quipements :<\/strong>\r\nvaisselle et linge de maison, lave linge, po\u00eale, t\u00e9l\u00e9vision \u00e0 \u00e9cran plat, wifi gratuit, connexion Internet, micro-ondes, vitroc\u00e9ramique, th\u00e9i\u00e8re \u00e9lectrique, fer \u00e0 repasser, s\u00e8che-cheveux, etc.<\/p>\r\n<p style=\"text-align: justify;\"><strong>H\u00e9bergement:<\/strong>\r\nDispose de deux chambres dont une avec deux lits simples de 90 ctms. chacum et un double mariage kingzise 180 ctms-\u00a0d\u2019une salle de bain avec douche, 1 salon-cuisine- salle \u00e0 manger, 1 terrasse avec barbecue.<\/p>\r\n<p style=\"text-align: justify;\"><strong>Capacit\u00e9:\u00a0<\/strong>4 personnes. En option\u00a0: 5 personnes (+10 \u20ac \/ jour)<\/p>\r\n<p style=\"text-align: justify;\"><strong>Les animaux ne sont pas admis! <span id=\"result_box\" class=\"short_text\" lang=\"es\"><span class=\"hps alt-edited\">Parking gratuit.<\/span><\/span>\r\n<\/strong><\/p>\r\n<p style=\"text-align: justify;\"><strong>Infos et contact: <\/strong>tel. 0034 669 060 171, <a href=\"mailto:info@losalmendreros.com\" target=\"_blank\" rel=\"noopener noreferrer\">info@losalmendreros.com<\/a>\r\n<div class=\"clear\"><\/div><\/div>\n<\/p>\n<div class=\"clear\"><\/div><div class=\"gdlr-space\" style=\"margin-top: 35px;\"><\/div>\n<div class=\"gdlr-shortcode-wrapper\"><div class=\"gdlr-styled-box-item-ux gdlr-ux\" ><div class=\"gdlr-item gdlr-styled-box-item\" ><div class=\"gdlr-styled-box-head-wrapper\" ><div class=\"gdlr-styled-box-corner\" style=\"border-bottom-color:#67696B;\" ><\/div><div class=\"gdlr-styled-box-head\" style=\"background-color:#32373C;\" ><\/div><\/div><div class=\"gdlr-styled-box-body with-head\" style=\"background-color:#32373C; color: #ffffff; \" ><p><strong>CONDITIONS DE R\u00c9SERVATION:<\/strong><\/p>\n<ul>\n<li><strong>S\u00e9jour minimum:<\/strong> 3 nuits.<\/li>\n<li>Le client s\u2019engage \u00e0 occuper le g\u00eete \u00e0 partir de 17.00 heures. Pri\u00e8re de nous contacter si vous arrivez avant 16.00 heures ou beaucoup plus tard que 17.00 heures ; l\u2019heure maximum d\u2019arriv\u00e9e est minuit. Le client s\u2019engage \u00e0 laisser le g\u00eete \u00e0 12.00 heures le jour pr\u00e9vu pour le d\u00e9part \u00e9tabli sur le contrat.<\/li>\n<li>Une fois le paiement automatique r\u00e9alis\u00e9, la r\u00e9servation sera \u00e9tablie au nom de la personne figurant sur la r\u00e9servation. Pour tout changement ou modification de la r\u00e9servation, pri\u00e8re de contacter info@loslamendreros.com<\/li>\n<li><strong>Annulation:<\/strong> Pas de paiement pr\u00e9lev\u00e9 si vous annulez ou modifiez la r\u00e9servation au moins 16 jours avant la date d\u2019arriv\u00e9e. Si vous annulez ou modifiez la r\u00e9servation entre <strong>15 et 7<\/strong> jours avant la date d\u2019arriv\u00e9e, le g\u00eete pr\u00e9l\u00e8vera 25 % du total du s\u00e9jour. Si vous annulez ou modifiez la r\u00e9servation entre <strong>6 et 4 jours<\/strong> avant la date d\u2019arriv\u00e9e, le g\u00eete pr\u00e9l\u00e8vera 50 % du total du s\u00e9jour. Si vous annulez ou modifiez la r\u00e9servation jusqu\u2019\u00e0 3 jours avant la date d\u2019arriv\u00e9e, le g\u00eete pr\u00e9l\u00e8vera 75 % du total du s\u00e9jour. Si vous annulez ou modifiez la r\u00e9servation hors d\u00e9lai ou si vous ne vous venez pas, le g\u00eete pr\u00e9l\u00e8vera la totalit\u00e9 du s\u00e9jour. <strong>Les heures indiqu\u00e9es sont les heures locales (fuseau horaire WET)<\/strong><\/li>\n<li><strong>Paiement anticip\u00e9:<\/strong> le g\u00eete pr\u00e9l\u00e8vera 30% du montant total au moment de la r\u00e9servation.<\/li>\n<li><strong>Taxes et frais de service:<\/strong>\u00a07% d\u2019imp\u00f4ts inclus. Imp\u00f4t municipal non applicable. Frais de service non applicables.<\/li>\n<\/ul>\n<p>Si vous constatez la moindre anomalie \u00e0 votre arriv\u00e9e au g\u00eete, vous \u00eates pri\u00e9s de vous adresser imm\u00e9diatement \u00e0 la personne de contact ou au responsable du g\u00eete. En cas contraire, nous ne saurions \u00eatre tenus responsables des r\u00e9clamations possibles.<\/p>\n<p>La capacit\u00e9 maximale du g\u00eete est celui qui est indiqu\u00e9 sur le contrat de location.<\/p>\n<p>\u00c9vitez d\u2019arriver par surprise au g\u00eete.<\/p>\n<\/div><\/div><\/div><\/div>\n","protected":false},"excerpt":{"rendered":"<p style=\"text-align: justify;\">El Ciruelo\u00a0dispose de deux chambres dont une avec deux lits simples de 90 ctms.chacum et un double mariage kingzise 180 ctms-\u00a0d\u2019une salle de bain avec douche\u00a0, d\u2019un salon-cuisine-salle \u00e0 manger avec beaucoup de lumi\u00e8re et une terrasse. Les g\u00eetes sont \u00e9galement \u00e9quip\u00e9s de nouvelles technologies : acc\u00e8s a Internet, wifi gratuit, t\u00e9l\u00e9vision \u00e0 \u00e9cran plat, cha\u00eene Hifi, etc. Pour le confort de ses clients, le g\u00eete dispose \u00e0 l\u2019ext\u00e9rieur d\u2019un parking et d\u2019un barbecue.avec de belles vues panoramiques.<\/p>\n<hr \/>\n<p>Le s\u00e9jour minimum de base est de 3 nuits. V\u00e9rifier la disponibilit\u00e9, s\u00e9jour minimum et les prix de l&rsquo;annexe ci-jointe.<\/p>\n","protected":false},"featured_media":7521,"comment_status":"closed","ping_status":"closed","template":"","meta":[],"_links":{"self":[{"href":"https:\/\/losalmendreros.com\/fr\/wp-json\/wp\/v2\/product\/5117"}],"collection":[{"href":"https:\/\/losalmendreros.com\/fr\/wp-json\/wp\/v2\/product"}],"about":[{"href":"https:\/\/losalmendreros.com\/fr\/wp-json\/wp\/v2\/types\/product"}],"replies":[{"embeddable":true,"href":"https:\/\/losalmendreros.com\/fr\/wp-json\/wp\/v2\/comments?post=5117"}],"wp:featuredmedia":[{"embeddable":true,"href":"https:\/\/losalmendreros.com\/fr\/wp-json\/wp\/v2\/media\/7521"}],"wp:attachment":[{"href":"https:\/\/losalmendreros.com\/fr\/wp-json\/wp\/v2\/media?parent=5117"}],"curies":[{"name":"wp","href":"https:\/\/api.w.org\/{rel}","templated":true}]}}