{"id":5137,"date":"2015-12-20T13:47:45","date_gmt":"2015-12-20T13:47:45","guid":{"rendered":"http:\/\/losalmendreros.com\/reserva\/el-moral\/?lang=fr"},"modified":"2022-04-26T10:05:11","modified_gmt":"2022-04-26T10:05:11","slug":"el-moral-fra","status":"publish","type":"product","link":"https:\/\/losalmendreros.com\/fr\/reservation\/el-moral-fra\/","title":{"rendered":"El Moral"},"content":{"rendered":"<div class=\"clear\"><\/div><div class=\"gdlr-space\" style=\"margin-top: 35px;\"><\/div>\n<div class=\"gdlr-shortcode-wrapper gdlr-row-shortcode\">\r\n<p style=\"text-align: justify;\"><strong>Altitude:<\/strong> 450 m.<\/p>\r\n<p style=\"text-align: justify;\"><strong>Distances:<\/strong><\/p>\r\n<p style=\"text-align: justify;\">Supermarch\u00e9 le plus proche : 0,2 km\r\nZone de baignade la plus proche : 5 km\r\nHoya del Morcillo : 17 km\r\nRestaurant : 0,2 km\r\nCentre m\u00e9dical : 4 km<\/p>\r\n<p style=\"text-align: justify;\"><strong>\u00c9quipements :<\/strong>\r\nvaisselle et linge de maison, lave linge, po\u00eale, t\u00e9l\u00e9vision \u00e0 \u00e9cran plat, wifi gratuit, connexion Internet, micro-ondes, vitroc\u00e9ramique, th\u00e9i\u00e8re \u00e9lectrique, fer \u00e0 repasser, s\u00e8che-cheveux, etc.<\/p>\r\n<p style=\"text-align: justify;\"><strong>H\u00e9bergement:<\/strong>\r\n1 chambre avec deux lits\u00a0 de 90 ctms. chacun, 1 salle de bains avec receveur de douche, 1 salon-cuisine- salle \u00e0 manger, 1 terrasse avec barbecue.<\/p>\r\n<p style=\"text-align: justify;\"><strong>Capacit\u00e9:\u00a0<\/strong>2 personnes. En option: 3 personnes (+10 \u20ac \/ jour)<\/p>\r\n<p style=\"text-align: justify;\"><strong>Les animaux ne sont pas admis! <span id=\"result_box\" class=\"short_text\" lang=\"es\"><span class=\"hps alt-edited\">Parking gratuit.<\/span><\/span>\r\n<\/strong><\/p>\r\n<p style=\"text-align: justify;\"><strong>Infos et contact: <\/strong>tel. 0034 669 060 171, <a href=\"mailto:info@losalmendreros.com\" target=\"_blank\" rel=\"noopener noreferrer\">info@losalmendreros.com<\/a>\r\n<div class=\"clear\"><\/div><\/div>\n<\/p>\n<div class=\"clear\"><\/div><div class=\"gdlr-space\" style=\"margin-top: 35px;\"><\/div>\n<div class=\"gdlr-shortcode-wrapper\"><div class=\"gdlr-styled-box-item-ux gdlr-ux\" ><div class=\"gdlr-item gdlr-styled-box-item\" ><div class=\"gdlr-styled-box-head-wrapper\" ><div class=\"gdlr-styled-box-corner\" style=\"border-bottom-color:#67696B;\" ><\/div><div class=\"gdlr-styled-box-head\" style=\"background-color:#32373C;\" ><\/div><\/div><div class=\"gdlr-styled-box-body with-head\" style=\"background-color:#32373C; color: #ffffff; \" ><p><strong>CONDITIONS DE R\u00c9SERVATION:<\/strong><\/p>\n<ul>\n<li><strong>S\u00e9jour minimum:<\/strong> 3 nuits.<\/li>\n<li>Le client s\u2019engage \u00e0 occuper le g\u00eete \u00e0 partir de 17.00 heures. Pri\u00e8re de nous contacter si vous arrivez avant 16.00 heures ou beaucoup plus tard que 17.00 heures ; l\u2019heure maximum d\u2019arriv\u00e9e est minuit. Le client s\u2019engage \u00e0 laisser le g\u00eete \u00e0 12.00 heures le jour pr\u00e9vu pour le d\u00e9part \u00e9tabli sur le contrat.<\/li>\n<li>Une fois le paiement automatique r\u00e9alis\u00e9, la r\u00e9servation sera \u00e9tablie au nom de la personne figurant sur la r\u00e9servation. Pour tout changement ou modification de la r\u00e9servation, pri\u00e8re de contacter info@loslamendreros.com<\/li>\n<li><strong>Annulation:<\/strong> Pas de paiement pr\u00e9lev\u00e9 si vous annulez ou modifiez la r\u00e9servation au moins 16 jours avant la date d\u2019arriv\u00e9e. Si vous annulez ou modifiez la r\u00e9servation entre <strong>15 et 7<\/strong> jours avant la date d\u2019arriv\u00e9e, le g\u00eete pr\u00e9l\u00e8vera 30 % du total du s\u00e9jour. Si vous annulez ou modifiez la r\u00e9servation entre <strong>6 et 4 jours<\/strong> avant la date d\u2019arriv\u00e9e, le g\u00eete pr\u00e9l\u00e8vera 50 % du total du s\u00e9jour. Si vous annulez ou modifiez la r\u00e9servation jusqu\u2019\u00e0 3 jours avant la date d\u2019arriv\u00e9e, le g\u00eete pr\u00e9l\u00e8vera 75 % du total du s\u00e9jour. Si vous annulez ou modifiez la r\u00e9servation hors d\u00e9lai ou si vous ne vous venez pas, le g\u00eete pr\u00e9l\u00e8vera la totalit\u00e9 du s\u00e9jour. <strong>Les heures indiqu\u00e9es sont les heures locales (fuseau horaire WET)<\/strong><\/li>\n<li><strong>Paiement anticip\u00e9:<\/strong> le g\u00eete pr\u00e9l\u00e8vera 30% du montant total au moment de la r\u00e9servation.<\/li>\n<li><strong>Taxes et frais de service:<\/strong>\u00a07% d\u2019imp\u00f4ts inclus. Imp\u00f4t municipal non applicable. Frais de service non applicables.<\/li>\n<\/ul>\n<p>Si vous constatez la moindre anomalie \u00e0 votre arriv\u00e9e au g\u00eete, vous \u00eates pri\u00e9s de vous adresser imm\u00e9diatement \u00e0 la personne de contact ou au responsable du g\u00eete. En cas contraire, nous ne saurions \u00eatre tenus responsables des r\u00e9clamations possibles.<\/p>\n<p>La capacit\u00e9 maximale du g\u00eete est celui qui est indiqu\u00e9 sur le contrat de location.<\/p>\n<p>\u00c9vitez d\u2019arriver par surprise au g\u00eete.<\/p>\n<\/div><\/div><\/div><\/div>\n","protected":false},"excerpt":{"rendered":"<p style=\"text-align: justify;\">Le g\u00eete El Moral fait partie d\u2019un ensemble de trois g\u00eetes: El Almendro (L\u2019Amandier), El Ciruelo (Le Cerisier) et El Moral (Le M\u00fbrier).<\/p>\n<p style=\"text-align: justify;\">La maison se trouve \u00e0 450 m\u00e8tres au-dessus du niveau de la mer, dans un cadre rural o\u00f9 vous appr\u00e9cierez le silence de la nature, un climat agr\u00e9able tout au long de l\u2019ann\u00e9e, la vue privil\u00e9gi\u00e9e sur les coteaux et la mer avec l\u2019\u00eele de La Palma \u00e0 l\u2019horizon.<\/p>\n<p style=\"text-align: justify;\">La maison, totalement ind\u00e9pendante, r\u00e9cemment restaur\u00e9e et inaugur\u00e9e, dispose d\u2019une chambre avec deux lits de 90 ctms, d\u2019une salle de bains compl\u00e8te\u00a0avec receveur de douche, avec miroir grossissant, d\u2019un salon-cuisine-salle \u00e0 manger avec une t\u00e9l\u00e9vision \u00e0 \u00e9cran plat et wifi gratuit, ainsi de nombreux autres d\u00e9tails qui rendront votre s\u00e9jour agr\u00e9able. La maison respecte le style architectural traditionnel de l\u2019\u00eele de Hierro\u00a0: \u00e0 l\u2019ext\u00e9rieur, la pierre et le bois s\u2019unissent, avec des murs \u00e9pais et de grandes baies vitr\u00e9es\u00a0; \u00e0 l\u2019int\u00e9rieur, les plafonds sous charpente \u00e0 deux pentes. Les doubles portes et les fen\u00eatres \u00e0 volets ext\u00e9rieurs en bois vous permettent \u00e0 la fois de profiter de la luminosit\u00e9 du paysage ou de la plus profonde obscurit\u00e9, selon vos envies.<\/p>\n<hr \/>\n<p>Le s\u00e9jour minimum de base est de 3 nuits. V\u00e9rifier la disponibilit\u00e9, s\u00e9jour minimum et les prix de l&rsquo;annexe ci-jointe.<\/p>\n","protected":false},"featured_media":8412,"comment_status":"closed","ping_status":"closed","template":"","meta":[],"_links":{"self":[{"href":"https:\/\/losalmendreros.com\/fr\/wp-json\/wp\/v2\/product\/5137"}],"collection":[{"href":"https:\/\/losalmendreros.com\/fr\/wp-json\/wp\/v2\/product"}],"about":[{"href":"https:\/\/losalmendreros.com\/fr\/wp-json\/wp\/v2\/types\/product"}],"replies":[{"embeddable":true,"href":"https:\/\/losalmendreros.com\/fr\/wp-json\/wp\/v2\/comments?post=5137"}],"wp:featuredmedia":[{"embeddable":true,"href":"https:\/\/losalmendreros.com\/fr\/wp-json\/wp\/v2\/media\/8412"}],"wp:attachment":[{"href":"https:\/\/losalmendreros.com\/fr\/wp-json\/wp\/v2\/media?parent=5137"}],"curies":[{"name":"wp","href":"https:\/\/api.w.org\/{rel}","templated":true}]}}